{"id":611991,"date":"2024-12-14T10:45:13","date_gmt":"2024-12-14T09:45:13","guid":{"rendered":"https:\/\/esveld.nl\/a\/?page_id=611991"},"modified":"2024-12-14T10:45:32","modified_gmt":"2024-12-14T09:45:32","slug":"nothofagus","status":"publish","type":"page","link":"https:\/\/esveld.nl\/a\/nothofagus\/","title":{"rendered":"Nothofagus"},"content":{"rendered":"\t\t<div data-elementor-type=\"wp-page\" data-elementor-id=\"611991\" class=\"elementor elementor-611991\">\n\t\t\t\t\t\t<section class=\"elementor-section elementor-top-section elementor-element elementor-element-62471a6 elementor-section-boxed elementor-section-height-default elementor-section-height-default\" data-id=\"62471a6\" data-element_type=\"section\" data-e-type=\"section\">\n\t\t\t\t\t\t<div class=\"elementor-container elementor-column-gap-default\">\n\t\t\t\t\t<div class=\"elementor-column elementor-col-100 elementor-top-column elementor-element elementor-element-00a3ce4\" data-id=\"00a3ce4\" data-element_type=\"column\" data-e-type=\"column\">\n\t\t\t<div class=\"elementor-widget-wrap elementor-element-populated\">\n\t\t\t\t\t\t<div class=\"elementor-element elementor-element-7b3f6bd elementor-widget elementor-widget-text-editor\" data-id=\"7b3f6bd\" data-element_type=\"widget\" data-e-type=\"widget\" data-widget_type=\"text-editor.default\">\n\t\t\t\t<div class=\"elementor-widget-container\">\n\t\t\t\t\t\t\t\t\t<center><button onclick=\"history.back()\">Terug<\/button><p><\/center>\t\t\t\t\t\t\t\t<\/div>\n\t\t\t\t<\/div>\n\t\t\t\t\t<\/div>\n\t\t<\/div>\n\t\t\t\t\t<\/div>\n\t\t<\/section>\n\t\t\t\t<section class=\"elementor-section elementor-top-section elementor-element elementor-element-a42f1b8 elementor-section-boxed elementor-section-height-default elementor-section-height-default\" data-id=\"a42f1b8\" data-element_type=\"section\" data-e-type=\"section\">\n\t\t\t\t\t\t<div class=\"elementor-container elementor-column-gap-default\">\n\t\t\t\t\t<div class=\"elementor-column elementor-col-100 elementor-top-column elementor-element elementor-element-f904a20\" data-id=\"f904a20\" data-element_type=\"column\" data-e-type=\"column\">\n\t\t\t<div class=\"elementor-widget-wrap elementor-element-populated\">\n\t\t\t\t\t\t<div class=\"elementor-element elementor-element-de1aeda elementor-widget elementor-widget-text-editor\" data-id=\"de1aeda\" data-element_type=\"widget\" data-e-type=\"widget\" data-widget_type=\"text-editor.default\">\n\t\t\t\t<div class=\"elementor-widget-container\">\n\t\t\t\t\t\t\t\t\t<p><span style=\"font-size: x-large;\"><b>Plantengeslacht Nothofagus<\/b><\/span><\/p>\n<p><span style=\"font-size: large;\"><b>Nothofagus: Een Fascinerend Plantengeslacht<\/b><\/span><\/p>\n<p><span style=\"font-size: large;\"><b>Natuurlijke leefomgeving van Nothofagus&nbsp;<\/b><\/span><\/p>\n<p><a name=\"Bookmark\"><\/a><span style=\"font-size: large;\">Het geslacht Nothofagus, bekend als de zuidelijke schijnbeuk, is inheems in het zuidelijk halfrond, voornamelijk in Zuid-Amerika (Chili en Argentini\u00eb) en delen van Australazi\u00eb, waaronder Nieuw-Zeeland en Tasmani\u00eb. Deze bomen en struiken gedijen in koel-gematigde klimaatzones, vaak in bossen op berghellingen en langs rivieren. De rijke, vochtige bodems en de schaduwrijke omgeving bieden ideale omstandigheden voor hun groei.<\/span><\/p>\n<p><span style=\"font-size: large;\"><b>Standplaatsomstandigheden van Nothofagus<\/b><\/span><\/p>\n<p><span style=\"font-size: large;\">Nothofagus-soorten geven de voorkeur aan een goed doorlatende, humusrijke bodem. Ze groeien het beste in een plek met halfschaduw tot volle zon, afhankelijk van de soort. De meeste soorten zijn winterhard en kunnen temperaturen tot -15 \u00b0C verdragen, wat hen geschikt maakt voor klimaatzones 7 tot 9. Het is belangrijk om ze te beschermen tegen harde wind, vooral in jongere stadia, om schade aan de delicate bladeren te voorkomen.<\/span><\/p>\n<p><span style=\"font-size: large;\"><b>Kenmerken van Nothofagus<\/b><\/span><\/p>\n<p><span style=\"font-size: large;\">Het geslacht Nothofagus omvat zowel bladverliezende als groenblijvende soorten, met een variatie in grootte van middelgrote struiken tot majestueuze bomen die een hoogte van 30 meter kunnen bereiken. Hun bladeren zijn klein en ovaal, met een glanzende textuur en vaak gekartelde randen. In de herfst vertonen de bladverliezende soorten een spectaculaire kleurenpracht, vari\u00ebrend van goudgeel tot diep rood. De bloei is subtiel, met kleine, onopvallende bloemen die worden gevolgd door kleine nootachtige vruchten.<\/span><\/p>\n<p><span style=\"font-size: large;\"><b>Toepassingen van Nothofagus in de tuin<\/b><\/span><\/p>\n<p><span style=\"font-size: large;\">Nothofagus is een uitstekende keuze voor natuurliefhebbers die een natuurlijke, bosachtige sfeer willen cre\u00ebren. De bomen kunnen worden gebruikt als windscherm of als schaduwboom in grotere tuinen. Kleinere soorten zoals Nothofagus antarctica zijn ideaal voor kleinere ruimtes en bieden een prachtig herfstkleurenpalet. Ze combineren goed met andere bosplanten zoals varens en rododendrons, waardoor een weelderig en harmonieus geheel ontstaat.<\/span><\/p>\n<p><span style=\"font-size: large;\"><b>Tuintip:<\/b><\/span><span style=\"font-size: large;\"> Plant Nothofagus in het vroege voorjaar om een sterke wortelontwikkeling te bevorderen. Snoei dode of beschadigde takken in de winter om de boom gezond en vitaal te houden.<\/span><\/p>\t\t\t\t\t\t\t\t<\/div>\n\t\t\t\t<\/div>\n\t\t\t\t\t<\/div>\n\t\t<\/div>\n\t\t\t\t\t<\/div>\n\t\t<\/section>\n\t\t\t\t<\/div>\n\t\t","protected":false},"excerpt":{"rendered":"<p>Terug Plantengeslacht Nothofagus Nothofagus: Een Fascinerend Plantengeslacht Natuurlijke leefomgeving van Nothofagus&nbsp; Het geslacht Nothofagus, bekend als de zuidelijke schijnbeuk, is inheems in het zuidelijk halfrond, voornamelijk in Zuid-Amerika (Chili en Argentini\u00eb) en delen van Australazi\u00eb, waaronder Nieuw-Zeeland en Tasmani\u00eb. Deze bomen en struiken gedijen in koel-gematigde klimaatzones, vaak in bossen op berghellingen en langs rivieren. [&hellip;]<\/p>\n","protected":false},"author":1,"featured_media":0,"parent":0,"menu_order":0,"comment_status":"closed","ping_status":"closed","template":"","meta":{"site-sidebar-layout":"no-sidebar","site-content-layout":"page-builder","ast-site-content-layout":"full-width-container","site-content-style":"default","site-sidebar-style":"default","ast-global-header-display":"","ast-banner-title-visibility":"","ast-main-header-display":"","ast-hfb-above-header-display":"","ast-hfb-below-header-display":"","ast-hfb-mobile-header-display":"","site-post-title":"disabled","ast-breadcrumbs-content":"","ast-featured-img":"disabled","footer-sml-layout":"","ast-disable-related-posts":"","theme-transparent-header-meta":"","adv-header-id-meta":"","stick-header-meta":"","header-above-stick-meta":"","header-main-stick-meta":"","header-below-stick-meta":"","astra-migrate-meta-layouts":"set","ast-page-background-enabled":"default","ast-page-background-meta":{"desktop":{"background-color":"","background-image":"","background-repeat":"repeat","background-position":"center center","background-size":"auto","background-attachment":"scroll","background-type":"","background-media":"","overlay-type":"","overlay-color":"","overlay-opacity":"","overlay-gradient":""},"tablet":{"background-color":"","background-image":"","background-repeat":"repeat","background-position":"center center","background-size":"auto","background-attachment":"scroll","background-type":"","background-media":"","overlay-type":"","overlay-color":"","overlay-opacity":"","overlay-gradient":""},"mobile":{"background-color":"","background-image":"","background-repeat":"repeat","background-position":"center center","background-size":"auto","background-attachment":"scroll","background-type":"","background-media":"","overlay-type":"","overlay-color":"","overlay-opacity":"","overlay-gradient":""}},"ast-content-background-meta":{"desktop":{"background-color":"var(--ast-global-color-5)","background-image":"","background-repeat":"repeat","background-position":"center center","background-size":"auto","background-attachment":"scroll","background-type":"","background-media":"","overlay-type":"","overlay-color":"","overlay-opacity":"","overlay-gradient":""},"tablet":{"background-color":"var(--ast-global-color-5)","background-image":"","background-repeat":"repeat","background-position":"center center","background-size":"auto","background-attachment":"scroll","background-type":"","background-media":"","overlay-type":"","overlay-color":"","overlay-opacity":"","overlay-gradient":""},"mobile":{"background-color":"var(--ast-global-color-5)","background-image":"","background-repeat":"repeat","background-position":"center center","background-size":"auto","background-attachment":"scroll","background-type":"","background-media":"","overlay-type":"","overlay-color":"","overlay-opacity":"","overlay-gradient":""}},"footnotes":""},"class_list":["post-611991","page","type-page","status-publish","hentry"],"_links":{"self":[{"href":"https:\/\/esveld.nl\/a\/wp-json\/wp\/v2\/pages\/611991","targetHints":{"allow":["GET"]}}],"collection":[{"href":"https:\/\/esveld.nl\/a\/wp-json\/wp\/v2\/pages"}],"about":[{"href":"https:\/\/esveld.nl\/a\/wp-json\/wp\/v2\/types\/page"}],"author":[{"embeddable":true,"href":"https:\/\/esveld.nl\/a\/wp-json\/wp\/v2\/users\/1"}],"replies":[{"embeddable":true,"href":"https:\/\/esveld.nl\/a\/wp-json\/wp\/v2\/comments?post=611991"}],"version-history":[{"count":0,"href":"https:\/\/esveld.nl\/a\/wp-json\/wp\/v2\/pages\/611991\/revisions"}],"wp:attachment":[{"href":"https:\/\/esveld.nl\/a\/wp-json\/wp\/v2\/media?parent=611991"}],"curies":[{"name":"wp","href":"https:\/\/api.w.org\/{rel}","templated":true}]}}