{"id":612245,"date":"2024-12-22T15:54:18","date_gmt":"2024-12-22T14:54:18","guid":{"rendered":"https:\/\/esveld.nl\/a\/?page_id=612245"},"modified":"2024-12-22T15:54:40","modified_gmt":"2024-12-22T14:54:40","slug":"philesia","status":"publish","type":"page","link":"https:\/\/esveld.nl\/a\/philesia\/","title":{"rendered":"Philesia"},"content":{"rendered":"\t\t<div data-elementor-type=\"wp-page\" data-elementor-id=\"612245\" class=\"elementor elementor-612245\">\n\t\t\t\t\t\t<section class=\"elementor-section elementor-top-section elementor-element elementor-element-62471a6 elementor-section-boxed elementor-section-height-default elementor-section-height-default\" data-id=\"62471a6\" data-element_type=\"section\" data-e-type=\"section\">\n\t\t\t\t\t\t<div class=\"elementor-container elementor-column-gap-default\">\n\t\t\t\t\t<div class=\"elementor-column elementor-col-100 elementor-top-column elementor-element elementor-element-00a3ce4\" data-id=\"00a3ce4\" data-element_type=\"column\" data-e-type=\"column\">\n\t\t\t<div class=\"elementor-widget-wrap elementor-element-populated\">\n\t\t\t\t\t\t<div class=\"elementor-element elementor-element-7b3f6bd elementor-widget elementor-widget-text-editor\" data-id=\"7b3f6bd\" data-element_type=\"widget\" data-e-type=\"widget\" data-widget_type=\"text-editor.default\">\n\t\t\t\t<div class=\"elementor-widget-container\">\n\t\t\t\t\t\t\t\t\t<center><button onclick=\"history.back()\">Terug<\/button><p><\/center>\t\t\t\t\t\t\t\t<\/div>\n\t\t\t\t<\/div>\n\t\t\t\t\t<\/div>\n\t\t<\/div>\n\t\t\t\t\t<\/div>\n\t\t<\/section>\n\t\t\t\t<section class=\"elementor-section elementor-top-section elementor-element elementor-element-a42f1b8 elementor-section-boxed elementor-section-height-default elementor-section-height-default\" data-id=\"a42f1b8\" data-element_type=\"section\" data-e-type=\"section\">\n\t\t\t\t\t\t<div class=\"elementor-container elementor-column-gap-default\">\n\t\t\t\t\t<div class=\"elementor-column elementor-col-100 elementor-top-column elementor-element elementor-element-f904a20\" data-id=\"f904a20\" data-element_type=\"column\" data-e-type=\"column\">\n\t\t\t<div class=\"elementor-widget-wrap elementor-element-populated\">\n\t\t\t\t\t\t<div class=\"elementor-element elementor-element-de1aeda elementor-widget elementor-widget-text-editor\" data-id=\"de1aeda\" data-element_type=\"widget\" data-e-type=\"widget\" data-widget_type=\"text-editor.default\">\n\t\t\t\t<div class=\"elementor-widget-container\">\n\t\t\t\t\t\t\t\t\t<p><span style=\"font-size: x-large;\"><b>Plantengeslacht Philesia<\/b><\/span><\/p>\n<p><span style=\"font-size: large;\"><b>Philesia: Een Exotische Sieraad uit Patagoni\u00eb&nbsp;<\/b><\/span><\/p>\n<p><span style=\"font-size: large;\"><b>Natuurlijke leefomgeving van Philesia<\/b><\/span><span style=\"font-size: large;\"><br>Philesia is inheems in de oorspronkelijke, matige gevochten van Patagoni\u00eb, een uitgestrekte regio in het zuiden van Zuid-Amerika die zich voelt over delen van Chili en Argentini\u00eb. Hier groeit <\/span><span style=\"font-size: large;\"><i>Philesia magellanica. <\/i><\/span><span style=\"font-size: large;\">De bodems zijn doorgaans aan rijk organisch materiaal, licht zuur en goed doorlatend, een resultaat van eeuwenlange afbraak van bladeren, takken en naalden. Philesia groeit vaak in de nabijheid van beekjes of mogelijke hellingen. <\/span><\/p>\n<p><span style=\"font-size: large;\"><b>Standplaatsomstandigheden van Philesia<\/b><\/span><span style=\"font-size: large;\"><br>Philesia stelt hoge eisen aan zijn standplaats. Deze plant gedijt het beste in een goede doorlatende, humusrijke en lichtzure grond. Een rijke schaduw tot een halfschaduwrijke plek, beschermd tegen felle zon en uitdrogende wind, is ideaal. De plant heeft een voorkeur voor een regelmatig vochtig milieu, zonder langdurige droogte van wateroverlast. Philesia is winterhard in USDA-zones 8 tot 9, wat betekent dat hij zachte winters verdraagt, maar bescherming nodig heeft in koudere klimaten.<\/span><\/p>\n<p><span style=\"font-size: large;\"><b>Kenmerken van Philesia<\/b><\/span><span style=\"font-size: large;\"><br>De meest bekende soort, <\/span><span style=\"font-size: large;\"><i>Philesia magellanica<\/i><\/span><span style=\"font-size: large;\"> , is een groenblijvende, kruipende struik die opvalt door zijn opvallende klokvormige bloemen in intens roze tot rood. Deze bloemen verschijnen in de zomer en vormen een prachtige visuele trekpleister. Het leerachtige, donkergroene blad zorgt voor een elegante achtergrond, terwijl de compacte groeiwijze ideaal is voor kleinere tuinen of specifieke schaduwrijke plekken.<\/span><\/p>\n<p><span style=\"font-size: large;\"><b>Toepassingen van Philesia in de tuin<\/b><\/span><span style=\"font-size: large;\"><br>Philesia is een uitstekende keuze voor een bostuin of een beschutte schaduwtuin. Combineer hem met varens, rododendrons of andere schaduwminnende planten voor een natuurlijke en natuurlijke uitstraling. Zorg bij het planten voor een plek met voldoende luchtcirculatie om schimmelvorming te voorkomen. Mulch met organisch materiaal om de bodemvochtigheid op peil te houden en vorstschade te beperken.<\/span><\/p>\n<p><a name=\"Bookmark\"><\/a><\/p>\t\t\t\t\t\t\t\t<\/div>\n\t\t\t\t<\/div>\n\t\t\t\t\t<\/div>\n\t\t<\/div>\n\t\t\t\t\t<\/div>\n\t\t<\/section>\n\t\t\t\t<\/div>\n\t\t","protected":false},"excerpt":{"rendered":"<p>Terug Plantengeslacht Philesia Philesia: Een Exotische Sieraad uit Patagoni\u00eb&nbsp; Natuurlijke leefomgeving van PhilesiaPhilesia is inheems in de oorspronkelijke, matige gevochten van Patagoni\u00eb, een uitgestrekte regio in het zuiden van Zuid-Amerika die zich voelt over delen van Chili en Argentini\u00eb. Hier groeit Philesia magellanica. De bodems zijn doorgaans aan rijk organisch materiaal, licht zuur en goed [&hellip;]<\/p>\n","protected":false},"author":1,"featured_media":0,"parent":0,"menu_order":0,"comment_status":"closed","ping_status":"closed","template":"","meta":{"site-sidebar-layout":"no-sidebar","site-content-layout":"page-builder","ast-site-content-layout":"full-width-container","site-content-style":"default","site-sidebar-style":"default","ast-global-header-display":"","ast-banner-title-visibility":"","ast-main-header-display":"","ast-hfb-above-header-display":"","ast-hfb-below-header-display":"","ast-hfb-mobile-header-display":"","site-post-title":"disabled","ast-breadcrumbs-content":"","ast-featured-img":"disabled","footer-sml-layout":"","ast-disable-related-posts":"","theme-transparent-header-meta":"","adv-header-id-meta":"","stick-header-meta":"","header-above-stick-meta":"","header-main-stick-meta":"","header-below-stick-meta":"","astra-migrate-meta-layouts":"set","ast-page-background-enabled":"default","ast-page-background-meta":{"desktop":{"background-color":"","background-image":"","background-repeat":"repeat","background-position":"center center","background-size":"auto","background-attachment":"scroll","background-type":"","background-media":"","overlay-type":"","overlay-color":"","overlay-opacity":"","overlay-gradient":""},"tablet":{"background-color":"","background-image":"","background-repeat":"repeat","background-position":"center center","background-size":"auto","background-attachment":"scroll","background-type":"","background-media":"","overlay-type":"","overlay-color":"","overlay-opacity":"","overlay-gradient":""},"mobile":{"background-color":"","background-image":"","background-repeat":"repeat","background-position":"center center","background-size":"auto","background-attachment":"scroll","background-type":"","background-media":"","overlay-type":"","overlay-color":"","overlay-opacity":"","overlay-gradient":""}},"ast-content-background-meta":{"desktop":{"background-color":"var(--ast-global-color-5)","background-image":"","background-repeat":"repeat","background-position":"center center","background-size":"auto","background-attachment":"scroll","background-type":"","background-media":"","overlay-type":"","overlay-color":"","overlay-opacity":"","overlay-gradient":""},"tablet":{"background-color":"var(--ast-global-color-5)","background-image":"","background-repeat":"repeat","background-position":"center center","background-size":"auto","background-attachment":"scroll","background-type":"","background-media":"","overlay-type":"","overlay-color":"","overlay-opacity":"","overlay-gradient":""},"mobile":{"background-color":"var(--ast-global-color-5)","background-image":"","background-repeat":"repeat","background-position":"center center","background-size":"auto","background-attachment":"scroll","background-type":"","background-media":"","overlay-type":"","overlay-color":"","overlay-opacity":"","overlay-gradient":""}},"footnotes":""},"class_list":["post-612245","page","type-page","status-publish","hentry"],"_links":{"self":[{"href":"https:\/\/esveld.nl\/a\/wp-json\/wp\/v2\/pages\/612245","targetHints":{"allow":["GET"]}}],"collection":[{"href":"https:\/\/esveld.nl\/a\/wp-json\/wp\/v2\/pages"}],"about":[{"href":"https:\/\/esveld.nl\/a\/wp-json\/wp\/v2\/types\/page"}],"author":[{"embeddable":true,"href":"https:\/\/esveld.nl\/a\/wp-json\/wp\/v2\/users\/1"}],"replies":[{"embeddable":true,"href":"https:\/\/esveld.nl\/a\/wp-json\/wp\/v2\/comments?post=612245"}],"version-history":[{"count":0,"href":"https:\/\/esveld.nl\/a\/wp-json\/wp\/v2\/pages\/612245\/revisions"}],"wp:attachment":[{"href":"https:\/\/esveld.nl\/a\/wp-json\/wp\/v2\/media?parent=612245"}],"curies":[{"name":"wp","href":"https:\/\/api.w.org\/{rel}","templated":true}]}}