{"id":679796,"date":"2026-01-16T10:37:57","date_gmt":"2026-01-16T09:37:57","guid":{"rendered":"https:\/\/esveld.nl\/a\/?page_id=679796"},"modified":"2026-01-16T10:38:15","modified_gmt":"2026-01-16T09:38:15","slug":"umbellularia","status":"publish","type":"page","link":"https:\/\/esveld.nl\/a\/umbellularia\/","title":{"rendered":"Umbellularia"},"content":{"rendered":"\t\t<div data-elementor-type=\"wp-page\" data-elementor-id=\"679796\" class=\"elementor elementor-679796\">\n\t\t\t\t\t\t<section class=\"elementor-section elementor-top-section elementor-element elementor-element-62471a6 elementor-section-boxed elementor-section-height-default elementor-section-height-default\" data-id=\"62471a6\" data-element_type=\"section\" data-e-type=\"section\">\n\t\t\t\t\t\t<div class=\"elementor-container elementor-column-gap-default\">\n\t\t\t\t\t<div class=\"elementor-column elementor-col-100 elementor-top-column elementor-element elementor-element-00a3ce4\" data-id=\"00a3ce4\" data-element_type=\"column\" data-e-type=\"column\">\n\t\t\t<div class=\"elementor-widget-wrap elementor-element-populated\">\n\t\t\t\t\t\t<div class=\"elementor-element elementor-element-7b3f6bd elementor-widget elementor-widget-text-editor\" data-id=\"7b3f6bd\" data-element_type=\"widget\" data-e-type=\"widget\" data-widget_type=\"text-editor.default\">\n\t\t\t\t<div class=\"elementor-widget-container\">\n\t\t\t\t\t\t\t\t\t<center><button onclick=\"history.back()\">Terug<\/button><p><\/center>\t\t\t\t\t\t\t\t<\/div>\n\t\t\t\t<\/div>\n\t\t\t\t\t<\/div>\n\t\t<\/div>\n\t\t\t\t\t<\/div>\n\t\t<\/section>\n\t\t\t\t<section class=\"elementor-section elementor-top-section elementor-element elementor-element-a42f1b8 elementor-section-boxed elementor-section-height-default elementor-section-height-default\" data-id=\"a42f1b8\" data-element_type=\"section\" data-e-type=\"section\">\n\t\t\t\t\t\t<div class=\"elementor-container elementor-column-gap-default\">\n\t\t\t\t\t<div class=\"elementor-column elementor-col-100 elementor-top-column elementor-element elementor-element-f904a20\" data-id=\"f904a20\" data-element_type=\"column\" data-e-type=\"column\">\n\t\t\t<div class=\"elementor-widget-wrap elementor-element-populated\">\n\t\t\t\t\t\t<div class=\"elementor-element elementor-element-de1aeda elementor-widget elementor-widget-text-editor\" data-id=\"de1aeda\" data-element_type=\"widget\" data-e-type=\"widget\" data-widget_type=\"text-editor.default\">\n\t\t\t\t<div class=\"elementor-widget-container\">\n\t\t\t\t\t\t\t\t\t<p><span style=\"font-size: x-large;\"><b>Plantengeslacht <\/b><\/span><span style=\"font-size: x-large;\"><b>Umbellularia<\/b><\/span><\/p>\n<p><span style=\"font-size: large;\"><b>Natuurlijke leefomgeving van Umbellularia<\/b><\/span><span style=\"font-size: large;\"><br>Umbellularia is een klein geslacht binnen de Lauraceae en wordt vertegenwoordigd door \u00e9\u00e9n soort, <\/span><span style=\"font-size: large;\"><i>Umbellularia californica<\/i><\/span><span style=\"font-size: large;\">. Deze boom komt van nature voor langs de westkust van Noord-Amerika, van Californi\u00eb tot zuidelijk Oregon. Hij groeit daar in vochtige valleien, langs beekdalen, in kustbossen en op beschutte hellingen. De bodem is diep, humusrijk en goed doorlatend, vaak licht zuur. Het klimaat is mediterraan tot koel-gematigd, met milde, natte winters en droge zomers. In deze omstandigheden ontwikkelt Umbellularia zich tot een krachtige, altijdgroene boom met een dichte kroon.<\/span><\/p>\n<p><span style=\"font-size: large;\"><b>Standplaatsomstandigheden van Umbellularia<\/b><\/span><span style=\"font-size: large;\"><br>In de tuin staat Umbellularia het liefst op een zonnige tot lichte halfschaduwrijke plek in een diepe, humusrijke en goed doorlatende leem- of zandgrond. De boom verdraagt zomerse droogte redelijk goed zodra hij goed is ingeworteld, maar groeit het mooist bij voldoende bodemvocht. De winterhardheid ligt rond USDA-zone 8, met een temperatuurbereik van ongeveer \u201312 \u00b0C tot \u20136 \u00b0C. Jonge planten hebben bescherming nodig tegen strenge vorst en koude wind.<\/span><\/p>\n<p><span style=\"font-size: large;\"><b>Kenmerken van Umbellularia<\/b><\/span><span style=\"font-size: large;\"><br>Umbellularia groeit uit tot een forse, altijdgroene boom met leerachtig, glanzend donkergroen blad. Het blad verspreidt bij kneuzing een zeer sterke, kruidige geur en wordt gebruikt als lauriervervanger, al is het aroma aanzienlijk krachtiger dan dat van <\/span><span style=\"font-size: large;\"><i>Laurus nobilis<\/i><\/span><span style=\"font-size: large;\">. De bloei verschijnt in het voorjaar en bestaat uit kleine geelgroene bloemen in compacte schermen. Na de bloei vormen zich ovale, groen tot purper verkleurende vruchten. De groei is stevig en de kroon wordt breed en dicht.<\/span><\/p>\n<p><span style=\"font-size: large;\"><b>Toepassingen van Umbellularia in de tuin<\/b><\/span><span style=\"font-size: large;\"><br>Umbellularia wordt toegepast als solitair in beschutte tuinen, parken en grotere tuinen waar een wintergroene boom met karakter gewenst is. Door zijn dichte kroon, kruidige geur en botanische waarde is het een uitgesproken soort voor liefhebbers van altijdgroene laurierachtigen. In het Nederlandse klimaat blijft Umbellularia meestal duidelijk kleiner dan in zijn natuurlijke habitat, maar behoudt hij zijn robuuste uitstraling en sterke bladstructuur.&nbsp;<\/span><\/p>\n<p><a name=\"Bookmark\"><\/a><\/p>\t\t\t\t\t\t\t\t<\/div>\n\t\t\t\t<\/div>\n\t\t\t\t\t<\/div>\n\t\t<\/div>\n\t\t\t\t\t<\/div>\n\t\t<\/section>\n\t\t\t\t<\/div>\n\t\t","protected":false},"excerpt":{"rendered":"<p>Terug Plantengeslacht Umbellularia Natuurlijke leefomgeving van UmbellulariaUmbellularia is een klein geslacht binnen de Lauraceae en wordt vertegenwoordigd door \u00e9\u00e9n soort, Umbellularia californica. Deze boom komt van nature voor langs de westkust van Noord-Amerika, van Californi\u00eb tot zuidelijk Oregon. Hij groeit daar in vochtige valleien, langs beekdalen, in kustbossen en op beschutte hellingen. De bodem is [&hellip;]<\/p>\n","protected":false},"author":1,"featured_media":0,"parent":0,"menu_order":0,"comment_status":"closed","ping_status":"closed","template":"","meta":{"site-sidebar-layout":"no-sidebar","site-content-layout":"page-builder","ast-site-content-layout":"full-width-container","site-content-style":"default","site-sidebar-style":"default","ast-global-header-display":"","ast-banner-title-visibility":"","ast-main-header-display":"","ast-hfb-above-header-display":"","ast-hfb-below-header-display":"","ast-hfb-mobile-header-display":"","site-post-title":"disabled","ast-breadcrumbs-content":"","ast-featured-img":"disabled","footer-sml-layout":"","ast-disable-related-posts":"","theme-transparent-header-meta":"","adv-header-id-meta":"","stick-header-meta":"","header-above-stick-meta":"","header-main-stick-meta":"","header-below-stick-meta":"","astra-migrate-meta-layouts":"set","ast-page-background-enabled":"default","ast-page-background-meta":{"desktop":{"background-color":"","background-image":"","background-repeat":"repeat","background-position":"center center","background-size":"auto","background-attachment":"scroll","background-type":"","background-media":"","overlay-type":"","overlay-color":"","overlay-opacity":"","overlay-gradient":""},"tablet":{"background-color":"","background-image":"","background-repeat":"repeat","background-position":"center center","background-size":"auto","background-attachment":"scroll","background-type":"","background-media":"","overlay-type":"","overlay-color":"","overlay-opacity":"","overlay-gradient":""},"mobile":{"background-color":"","background-image":"","background-repeat":"repeat","background-position":"center center","background-size":"auto","background-attachment":"scroll","background-type":"","background-media":"","overlay-type":"","overlay-color":"","overlay-opacity":"","overlay-gradient":""}},"ast-content-background-meta":{"desktop":{"background-color":"var(--ast-global-color-5)","background-image":"","background-repeat":"repeat","background-position":"center center","background-size":"auto","background-attachment":"scroll","background-type":"","background-media":"","overlay-type":"","overlay-color":"","overlay-opacity":"","overlay-gradient":""},"tablet":{"background-color":"var(--ast-global-color-5)","background-image":"","background-repeat":"repeat","background-position":"center center","background-size":"auto","background-attachment":"scroll","background-type":"","background-media":"","overlay-type":"","overlay-color":"","overlay-opacity":"","overlay-gradient":""},"mobile":{"background-color":"var(--ast-global-color-5)","background-image":"","background-repeat":"repeat","background-position":"center center","background-size":"auto","background-attachment":"scroll","background-type":"","background-media":"","overlay-type":"","overlay-color":"","overlay-opacity":"","overlay-gradient":""}},"footnotes":""},"class_list":["post-679796","page","type-page","status-publish","hentry"],"_links":{"self":[{"href":"https:\/\/esveld.nl\/a\/wp-json\/wp\/v2\/pages\/679796","targetHints":{"allow":["GET"]}}],"collection":[{"href":"https:\/\/esveld.nl\/a\/wp-json\/wp\/v2\/pages"}],"about":[{"href":"https:\/\/esveld.nl\/a\/wp-json\/wp\/v2\/types\/page"}],"author":[{"embeddable":true,"href":"https:\/\/esveld.nl\/a\/wp-json\/wp\/v2\/users\/1"}],"replies":[{"embeddable":true,"href":"https:\/\/esveld.nl\/a\/wp-json\/wp\/v2\/comments?post=679796"}],"version-history":[{"count":0,"href":"https:\/\/esveld.nl\/a\/wp-json\/wp\/v2\/pages\/679796\/revisions"}],"wp:attachment":[{"href":"https:\/\/esveld.nl\/a\/wp-json\/wp\/v2\/media?parent=679796"}],"curies":[{"name":"wp","href":"https:\/\/api.w.org\/{rel}","templated":true}]}}